{"id":497,"date":"2017-11-14T10:08:45","date_gmt":"2017-11-14T10:08:45","guid":{"rendered":"http:\/\/proton-classic.dev\/?page_id=9"},"modified":"2021-02-11T19:14:09","modified_gmt":"2021-02-11T22:14:09","slug":"portfolio-alternative","status":"publish","type":"page","link":"https:\/\/silvinababich.com\/?page_id=497","title":{"rendered":"Proyectos"},"content":{"rendered":"<p>[vc_row row_top_spacing=&#8221;4&#8243; row_bottom_spacing=&#8221;1&#8243;][vc_column][proton_page_heading title=&#8221;Proyectos&#8221;]Selecci\u00f3n de Proyectos (Secci\u00f3n en construcci\u00f3n)[\/proton_page_heading][\/vc_column][\/vc_row][vc_row row_top_spacing=&#8221;3&#8243; row_bottom_spacing=&#8221;1&#8243;][vc_column][proton_portfolio style=&#8221;4&#8243; pagination=&#8221;2&#8243; sortable=&#8221;true&#8221; loop=&#8221;order_by:date|tax_query:25,65&#8243; posts_per_page=&#8221;9&#8243;][\/vc_column][\/vc_row]<\/p>\n","protected":false},"excerpt":{"rendered":"<p>[vc_row row_top_spacing=&#8221;4&#8243; row_bottom_spacing=&#8221;1&#8243;][vc_column][proton_page_heading title=&#8221;Proyectos&#8221;]Selecci\u00f3n de Proyectos (Secci\u00f3n en construcci\u00f3n)[\/proton_page_heading][\/vc_column][\/vc_row][vc_row row_top_spacing=&#8221;3&#8243; row_bottom_spacing=&#8221;1&#8243;][vc_column][proton_portfolio style=&#8221;4&#8243; pagination=&#8221;2&#8243; sortable=&#8221;true&#8221; loop=&#8221;order_by:date|tax_query:25,65&#8243; posts_per_page=&#8221;9&#8243;][\/vc_column][\/vc_row]<\/p>\n","protected":false},"author":2,"featured_media":0,"parent":0,"menu_order":0,"comment_status":"closed","ping_status":"closed","template":"","meta":[],"acf":[],"_links":{"self":[{"href":"https:\/\/silvinababich.com\/index.php?rest_route=\/wp\/v2\/pages\/497"}],"collection":[{"href":"https:\/\/silvinababich.com\/index.php?rest_route=\/wp\/v2\/pages"}],"about":[{"href":"https:\/\/silvinababich.com\/index.php?rest_route=\/wp\/v2\/types\/page"}],"author":[{"embeddable":true,"href":"https:\/\/silvinababich.com\/index.php?rest_route=\/wp\/v2\/users\/2"}],"replies":[{"embeddable":true,"href":"https:\/\/silvinababich.com\/index.php?rest_route=%2Fwp%2Fv2%2Fcomments&post=497"}],"version-history":[{"count":8,"href":"https:\/\/silvinababich.com\/index.php?rest_route=\/wp\/v2\/pages\/497\/revisions"}],"predecessor-version":[{"id":745,"href":"https:\/\/silvinababich.com\/index.php?rest_route=\/wp\/v2\/pages\/497\/revisions\/745"}],"wp:attachment":[{"href":"https:\/\/silvinababich.com\/index.php?rest_route=%2Fwp%2Fv2%2Fmedia&parent=497"}],"curies":[{"name":"wp","href":"https:\/\/api.w.org\/{rel}","templated":true}]}}